{"id":1994,"date":"2018-06-19T16:26:01","date_gmt":"2018-06-19T15:26:01","guid":{"rendered":"https:\/\/yachtlite.com\/gallery\/"},"modified":"2025-11-04T13:43:58","modified_gmt":"2025-11-04T12:43:58","slug":"gallery","status":"publish","type":"page","link":"https:\/\/yachtlite.com\/de\/gallery\/","title":{"rendered":"Galerie"},"content":{"rendered":"\n<style type=\"text\/css\" data-created_by=\"avia_inline_auto\" id=\"style-css-av-sr99-26dd04feadafb08fe6e8cfcf50af2ff7\">\n.flex_column.av-sr99-26dd04feadafb08fe6e8cfcf50af2ff7{\nborder-radius:0px 0px 0px 0px;\npadding:0px 0px 0px 0px;\n}\n<\/style>\n<div  class='flex_column av-sr99-26dd04feadafb08fe6e8cfcf50af2ff7 av_one_full  avia-builder-el-0  el_before_av_two_third  avia-builder-el-first  first flex_column_div av-zero-column-padding  '     ><style type=\"text\/css\" data-created_by=\"avia_inline_auto\" id=\"style-css-av-jvm3bt84-d4ed87c58e6b693e7489b84443bdf4b8\">\n#top .av-special-heading.av-jvm3bt84-d4ed87c58e6b693e7489b84443bdf4b8{\npadding-bottom:0;\n}\nbody .av-special-heading.av-jvm3bt84-d4ed87c58e6b693e7489b84443bdf4b8 .av-special-heading-tag .heading-char{\nfont-size:25px;\n}\n.av-special-heading.av-jvm3bt84-d4ed87c58e6b693e7489b84443bdf4b8 .av-subheading{\nfont-size:15px;\n}\n<\/style>\n<div  class='av-special-heading av-jvm3bt84-d4ed87c58e6b693e7489b84443bdf4b8 av-special-heading-h1 blockquote modern-quote modern-centered  avia-builder-el-1  avia-builder-el-no-sibling  av-linked-heading'><h1 class='av-special-heading-tag'  itemprop=\"headline\"  >Fotogalerie beleuchtete Schriftz\u00fcge Erfolgsgeschichten <span class='special_amp'>&amp;<\/span> Referenzen<\/h1><div class=\"special-heading-border\"><div class=\"special-heading-inner-border\"><\/div><\/div><\/div><\/div>\n<style type=\"text\/css\" data-created_by=\"avia_inline_auto\" id=\"style-css-av-1z3sl-53e56906b12ded8450ca020db52f43a2\">\n.flex_column.av-1z3sl-53e56906b12ded8450ca020db52f43a2{\nborder-radius:0px 0px 0px 0px;\npadding:0px 0px 0px 0px;\n}\n<\/style>\n<div  class='flex_column av-1z3sl-53e56906b12ded8450ca020db52f43a2 av_two_third  avia-builder-el-2  el_after_av_one_full  el_before_av_one_third  first flex_column_div av-zero-column-padding  column-top-margin'     ><section  class='av_textblock_section av-jl22ovoy-fa7b6c129bd656cab5c0c40b2dfa1dff '   itemscope=\"itemscope\" itemtype=\"https:\/\/schema.org\/CreativeWork\" ><div class='avia_textblock'  itemprop=\"text\" ><p>Unser weltweiter Kundenstamm umfasst namhafte Werften, Designer, Yachteigner und Eignervertretungsgesellschaften.<\/p>\n<p>Zu den von YACHTLITE betreuten Projekten geh\u00f6ren der 3-Meter-Tender ebenso wie die 180-Meter-Megayacht und das 300-Meter-Kreuzfahrtschiff.<\/p>\n<p>Viele der Top-200-Superyachten sind mit Lichtl\u00f6sungen verschiedenster Art von YACHTLITE ausgestattet.<\/p>\n<p>Sehen Sie hier ausgew\u00e4hlte Beispiele unserer Arbeit, aufgeteilt in Yachten bis zu 30 Meter L\u00e4nge und Yachten \u00fcber 30 Meter L\u00e4nge. Klicken Sie auf ein Foto, um die Galerie zu sehen.<\/p>\n<\/div><\/section><\/div><\/p>\n\n<style type=\"text\/css\" data-created_by=\"avia_inline_auto\" id=\"style-css-av-mwswa-4ed6e5a11c0d432e0d859bd56d032a56\">\n.flex_column.av-mwswa-4ed6e5a11c0d432e0d859bd56d032a56{\nborder-radius:0px 0px 0px 0px;\npadding:0px 0px 0px 0px;\n}\n<\/style>\n<div  class='flex_column av-mwswa-4ed6e5a11c0d432e0d859bd56d032a56 av_one_third  avia-builder-el-4  el_after_av_two_third  el_before_av_one_third  flex_column_div av-zero-column-padding  column-top-margin'     ><\/div>\n\n<style type=\"text\/css\" data-created_by=\"avia_inline_auto\" id=\"style-css-av-44gh8a-24e1897deb24827ed472ea60faa96246\">\n.flex_column.av-44gh8a-24e1897deb24827ed472ea60faa96246{\nborder-radius:0px 0px 0px 0px;\npadding:0px 0px 0px 0px;\n}\n<\/style>\n<div  class='flex_column av-44gh8a-24e1897deb24827ed472ea60faa96246 av_one_third  avia-builder-el-5  el_after_av_one_third  el_before_av_one_third  first flex_column_div av-zero-column-padding  column-top-margin'     ><section  class='av_textblock_section av-kjjuggek-109b49ef43d7a00fd8a30a9992b6af6e '   itemscope=\"itemscope\" itemtype=\"https:\/\/schema.org\/CreativeWork\" ><div class='avia_textblock'  itemprop=\"text\" ><h4>Galerie: Yachten bis zu 30 Meter L\u00e4nge<\/h4>\n<\/div><\/section><br \/>\n<section  class='av_textblock_section av-kjjulq8i-bb4cba5390ef71ef8eb492e76d5081f2 '   itemscope=\"itemscope\" itemtype=\"https:\/\/schema.org\/CreativeWork\" ><div class='avia_textblock'  itemprop=\"text\" ><p><a href=\"https:\/\/yachtlite.com\/de\/yachten-bis-30-m\/\"><img loading=\"lazy\" decoding=\"async\" class=\"alignnone wp-image-1614 size-medium\" src=\"https:\/\/yachtlite.com\/wp-content\/uploads\/2018\/07\/Yachtlite-Tom-Ford-300x200.jpg\" alt=\"\" width=\"300\" height=\"200\" srcset=\"https:\/\/yachtlite.com\/wp-content\/uploads\/2018\/07\/Yachtlite-Tom-Ford-300x200.jpg 300w, https:\/\/yachtlite.com\/wp-content\/uploads\/2018\/07\/Yachtlite-Tom-Ford-768x512.jpg 768w, https:\/\/yachtlite.com\/wp-content\/uploads\/2018\/07\/Yachtlite-Tom-Ford-705x470.jpg 705w, https:\/\/yachtlite.com\/wp-content\/uploads\/2018\/07\/Yachtlite-Tom-Ford-450x300.jpg 450w, https:\/\/yachtlite.com\/wp-content\/uploads\/2018\/07\/Yachtlite-Tom-Ford-20x13.jpg 20w, https:\/\/yachtlite.com\/wp-content\/uploads\/2018\/07\/Yachtlite-Tom-Ford.jpg 1024w\" sizes=\"auto, (max-width: 300px) 100vw, 300px\" \/><\/a><\/p>\n<\/div><\/section><\/p><\/div>\n\n<style type=\"text\/css\" data-created_by=\"avia_inline_auto\" id=\"style-css-av-2fc49m-f8de6d676380eb4f59ad32a1e528b161\">\n.flex_column.av-2fc49m-f8de6d676380eb4f59ad32a1e528b161{\nborder-radius:0px 0px 0px 0px;\npadding:0px 0px 0px 0px;\n}\n<\/style>\n<div  class='flex_column av-2fc49m-f8de6d676380eb4f59ad32a1e528b161 av_one_third  avia-builder-el-8  el_after_av_one_third  avia-builder-el-last  flex_column_div av-zero-column-padding  column-top-margin'     ><section  class='av_textblock_section av-kjjugvni-83f8314b42568652a236ee1dc3d72fd7 '   itemscope=\"itemscope\" itemtype=\"https:\/\/schema.org\/CreativeWork\" ><div class='avia_textblock'  itemprop=\"text\" ><h4>Galerie: Yachten \u00fcber 30 Meter L\u00e4nge<\/h4>\n<\/div><\/section><br \/>\n<section  class='av_textblock_section av-kjjun49g-88274b690531b0416f93e46133cb3f69 '   itemscope=\"itemscope\" itemtype=\"https:\/\/schema.org\/CreativeWork\" ><div class='avia_textblock'  itemprop=\"text\" ><p><a href=\"https:\/\/yachtlite.com\/de\/yachten-groesser-30-m\/\"><img loading=\"lazy\" decoding=\"async\" class=\"alignnone wp-image-1936 size-medium\" src=\"https:\/\/yachtlite.com\/wp-content\/uploads\/2019\/09\/Plan-B-1-300x200.jpg\" alt=\"\" width=\"300\" height=\"200\" srcset=\"https:\/\/yachtlite.com\/wp-content\/uploads\/2019\/09\/Plan-B-1-300x200.jpg 300w, https:\/\/yachtlite.com\/wp-content\/uploads\/2019\/09\/Plan-B-1-768x512.jpg 768w, https:\/\/yachtlite.com\/wp-content\/uploads\/2019\/09\/Plan-B-1-705x470.jpg 705w, https:\/\/yachtlite.com\/wp-content\/uploads\/2019\/09\/Plan-B-1-20x13.jpg 20w, https:\/\/yachtlite.com\/wp-content\/uploads\/2019\/09\/Plan-B-1.jpg 1024w\" sizes=\"auto, (max-width: 300px) 100vw, 300px\" \/><\/a><\/p>\n<\/div><\/section><\/p><\/div>\n<input class=\"fooboxshare_post_id\" type=\"hidden\" value=\"1994\"\/>","protected":false},"excerpt":{"rendered":"","protected":false},"author":1,"featured_media":0,"parent":0,"menu_order":0,"comment_status":"closed","ping_status":"closed","template":"","meta":{"footnotes":""},"class_list":["post-1994","page","type-page","status-publish","hentry"],"yoast_head":"<!-- This site is optimized with the Yoast SEO plugin v26.6 - https:\/\/yoast.com\/wordpress\/plugins\/seo\/ -->\n<title>Bootsbeleuchtung | Galerie | Yachtlite<\/title>\n<meta name=\"description\" content=\"Bootsbeleuchtung von Yachtlite. Galerie: Entdecken Sie Projekte, die auf vielen der Top 100 Megayachten gl\u00e4nzen.\" \/>\n<meta name=\"robots\" content=\"index, follow, max-snippet:-1, max-image-preview:large, max-video-preview:-1\" \/>\n<link rel=\"canonical\" href=\"https:\/\/yachtlite.com\/de\/gallery\/\" \/>\n<meta property=\"og:locale\" content=\"de_DE\" \/>\n<meta property=\"og:type\" content=\"article\" \/>\n<meta property=\"og:title\" content=\"Bootsbeleuchtung | Galerie | Yachtlite\" \/>\n<meta property=\"og:description\" content=\"Bootsbeleuchtung von Yachtlite. Galerie: Entdecken Sie Projekte, die auf vielen der Top 100 Megayachten gl\u00e4nzen.\" \/>\n<meta property=\"og:url\" content=\"https:\/\/yachtlite.com\/de\/gallery\/\" \/>\n<meta property=\"og:site_name\" content=\"YACHTLITE - Creative Light Design\" \/>\n<meta property=\"article:publisher\" content=\"https:\/\/www.facebook.com\/YACHTLITE-194493560573823\/\" \/>\n<meta property=\"article:modified_time\" content=\"2025-11-04T12:43:58+00:00\" \/>\n<meta property=\"og:image\" content=\"https:\/\/yachtlite.com\/wp-content\/uploads\/2018\/07\/Yachtlite-Tom-Ford-300x200.jpg\" \/>\n<meta name=\"twitter:card\" content=\"summary_large_image\" \/>\n<meta name=\"twitter:label1\" content=\"Gesch\u00e4tzte Lesezeit\" \/>\n\t<meta name=\"twitter:data1\" content=\"1\u00a0Minute\" \/>\n<script type=\"application\/ld+json\" class=\"yoast-schema-graph\">{\"@context\":\"https:\/\/schema.org\",\"@graph\":[{\"@type\":\"WebPage\",\"@id\":\"https:\/\/yachtlite.com\/de\/gallery\/\",\"url\":\"https:\/\/yachtlite.com\/de\/gallery\/\",\"name\":\"Bootsbeleuchtung | Galerie | Yachtlite\",\"isPartOf\":{\"@id\":\"https:\/\/yachtlite.com\/de\/#website\"},\"primaryImageOfPage\":{\"@id\":\"https:\/\/yachtlite.com\/de\/gallery\/#primaryimage\"},\"image\":{\"@id\":\"https:\/\/yachtlite.com\/de\/gallery\/#primaryimage\"},\"thumbnailUrl\":\"https:\/\/yachtlite.com\/wp-content\/uploads\/2018\/07\/Yachtlite-Tom-Ford-300x200.jpg\",\"datePublished\":\"2018-06-19T15:26:01+00:00\",\"dateModified\":\"2025-11-04T12:43:58+00:00\",\"description\":\"Bootsbeleuchtung von Yachtlite. Galerie: Entdecken Sie Projekte, die auf vielen der Top 100 Megayachten gl\u00e4nzen.\",\"breadcrumb\":{\"@id\":\"https:\/\/yachtlite.com\/de\/gallery\/#breadcrumb\"},\"inLanguage\":\"de\",\"potentialAction\":[{\"@type\":\"ReadAction\",\"target\":[\"https:\/\/yachtlite.com\/de\/gallery\/\"]}]},{\"@type\":\"ImageObject\",\"inLanguage\":\"de\",\"@id\":\"https:\/\/yachtlite.com\/de\/gallery\/#primaryimage\",\"url\":\"https:\/\/yachtlite.com\/wp-content\/uploads\/2018\/07\/Yachtlite-Tom-Ford-300x200.jpg\",\"contentUrl\":\"https:\/\/yachtlite.com\/wp-content\/uploads\/2018\/07\/Yachtlite-Tom-Ford-300x200.jpg\"},{\"@type\":\"BreadcrumbList\",\"@id\":\"https:\/\/yachtlite.com\/de\/gallery\/#breadcrumb\",\"itemListElement\":[{\"@type\":\"ListItem\",\"position\":1,\"name\":\"Home\",\"item\":\"https:\/\/yachtlite.com\/de\/\"},{\"@type\":\"ListItem\",\"position\":2,\"name\":\"Galerie\"}]},{\"@type\":\"WebSite\",\"@id\":\"https:\/\/yachtlite.com\/de\/#website\",\"url\":\"https:\/\/yachtlite.com\/de\/\",\"name\":\"YACHTLITE - Creative Light Design\",\"description\":\"Individual light solutions, custom-made for your yacht\",\"potentialAction\":[{\"@type\":\"SearchAction\",\"target\":{\"@type\":\"EntryPoint\",\"urlTemplate\":\"https:\/\/yachtlite.com\/de\/?s={search_term_string}\"},\"query-input\":{\"@type\":\"PropertyValueSpecification\",\"valueRequired\":true,\"valueName\":\"search_term_string\"}}],\"inLanguage\":\"de\"}]}<\/script>\n<!-- \/ Yoast SEO plugin. -->","yoast_head_json":{"title":"Bootsbeleuchtung | Galerie | Yachtlite","description":"Bootsbeleuchtung von Yachtlite. Galerie: Entdecken Sie Projekte, die auf vielen der Top 100 Megayachten gl\u00e4nzen.","robots":{"index":"index","follow":"follow","max-snippet":"max-snippet:-1","max-image-preview":"max-image-preview:large","max-video-preview":"max-video-preview:-1"},"canonical":"https:\/\/yachtlite.com\/de\/gallery\/","og_locale":"de_DE","og_type":"article","og_title":"Bootsbeleuchtung | Galerie | Yachtlite","og_description":"Bootsbeleuchtung von Yachtlite. Galerie: Entdecken Sie Projekte, die auf vielen der Top 100 Megayachten gl\u00e4nzen.","og_url":"https:\/\/yachtlite.com\/de\/gallery\/","og_site_name":"YACHTLITE - Creative Light Design","article_publisher":"https:\/\/www.facebook.com\/YACHTLITE-194493560573823\/","article_modified_time":"2025-11-04T12:43:58+00:00","og_image":[{"url":"https:\/\/yachtlite.com\/wp-content\/uploads\/2018\/07\/Yachtlite-Tom-Ford-300x200.jpg","type":"","width":"","height":""}],"twitter_card":"summary_large_image","twitter_misc":{"Gesch\u00e4tzte Lesezeit":"1\u00a0Minute"},"schema":{"@context":"https:\/\/schema.org","@graph":[{"@type":"WebPage","@id":"https:\/\/yachtlite.com\/de\/gallery\/","url":"https:\/\/yachtlite.com\/de\/gallery\/","name":"Bootsbeleuchtung | Galerie | Yachtlite","isPartOf":{"@id":"https:\/\/yachtlite.com\/de\/#website"},"primaryImageOfPage":{"@id":"https:\/\/yachtlite.com\/de\/gallery\/#primaryimage"},"image":{"@id":"https:\/\/yachtlite.com\/de\/gallery\/#primaryimage"},"thumbnailUrl":"https:\/\/yachtlite.com\/wp-content\/uploads\/2018\/07\/Yachtlite-Tom-Ford-300x200.jpg","datePublished":"2018-06-19T15:26:01+00:00","dateModified":"2025-11-04T12:43:58+00:00","description":"Bootsbeleuchtung von Yachtlite. Galerie: Entdecken Sie Projekte, die auf vielen der Top 100 Megayachten gl\u00e4nzen.","breadcrumb":{"@id":"https:\/\/yachtlite.com\/de\/gallery\/#breadcrumb"},"inLanguage":"de","potentialAction":[{"@type":"ReadAction","target":["https:\/\/yachtlite.com\/de\/gallery\/"]}]},{"@type":"ImageObject","inLanguage":"de","@id":"https:\/\/yachtlite.com\/de\/gallery\/#primaryimage","url":"https:\/\/yachtlite.com\/wp-content\/uploads\/2018\/07\/Yachtlite-Tom-Ford-300x200.jpg","contentUrl":"https:\/\/yachtlite.com\/wp-content\/uploads\/2018\/07\/Yachtlite-Tom-Ford-300x200.jpg"},{"@type":"BreadcrumbList","@id":"https:\/\/yachtlite.com\/de\/gallery\/#breadcrumb","itemListElement":[{"@type":"ListItem","position":1,"name":"Home","item":"https:\/\/yachtlite.com\/de\/"},{"@type":"ListItem","position":2,"name":"Galerie"}]},{"@type":"WebSite","@id":"https:\/\/yachtlite.com\/de\/#website","url":"https:\/\/yachtlite.com\/de\/","name":"YACHTLITE - Creative Light Design","description":"Individual light solutions, custom-made for your yacht","potentialAction":[{"@type":"SearchAction","target":{"@type":"EntryPoint","urlTemplate":"https:\/\/yachtlite.com\/de\/?s={search_term_string}"},"query-input":{"@type":"PropertyValueSpecification","valueRequired":true,"valueName":"search_term_string"}}],"inLanguage":"de"}]}},"_links":{"self":[{"href":"https:\/\/yachtlite.com\/de\/wp-json\/wp\/v2\/pages\/1994","targetHints":{"allow":["GET"]}}],"collection":[{"href":"https:\/\/yachtlite.com\/de\/wp-json\/wp\/v2\/pages"}],"about":[{"href":"https:\/\/yachtlite.com\/de\/wp-json\/wp\/v2\/types\/page"}],"author":[{"embeddable":true,"href":"https:\/\/yachtlite.com\/de\/wp-json\/wp\/v2\/users\/1"}],"replies":[{"embeddable":true,"href":"https:\/\/yachtlite.com\/de\/wp-json\/wp\/v2\/comments?post=1994"}],"version-history":[{"count":7,"href":"https:\/\/yachtlite.com\/de\/wp-json\/wp\/v2\/pages\/1994\/revisions"}],"predecessor-version":[{"id":23854,"href":"https:\/\/yachtlite.com\/de\/wp-json\/wp\/v2\/pages\/1994\/revisions\/23854"}],"wp:attachment":[{"href":"https:\/\/yachtlite.com\/de\/wp-json\/wp\/v2\/media?parent=1994"}],"curies":[{"name":"wp","href":"https:\/\/api.w.org\/{rel}","templated":true}]}}