{"id":1660,"date":"2018-08-11T07:50:36","date_gmt":"2018-08-11T06:50:36","guid":{"rendered":"https:\/\/yachtlite.com\/downloads\/"},"modified":"2025-08-01T07:18:58","modified_gmt":"2025-08-01T06:18:58","slug":"downloads","status":"publish","type":"page","link":"https:\/\/yachtlite.com\/de\/downloads\/","title":{"rendered":"Downloads"},"content":{"rendered":"\n<style type=\"text\/css\" data-created_by=\"avia_inline_auto\" id=\"style-css-av-s068q-6224ed0380f8a96b295b31b658838001\">\n.flex_column.av-s068q-6224ed0380f8a96b295b31b658838001{\nborder-radius:0px 0px 0px 0px;\npadding:0px 0px 0px 0px;\n}\n<\/style>\n<div  class='flex_column av-s068q-6224ed0380f8a96b295b31b658838001 av_three_fourth  avia-builder-el-0  el_before_av_one_fourth  avia-builder-el-first  first flex_column_div av-zero-column-padding  '     ><p>\n<style type=\"text\/css\" data-created_by=\"avia_inline_auto\" id=\"style-css-av-jyfvgcg4-022464b8f53ee5b5d070cd06111aebf7\">\n#top .av-special-heading.av-jyfvgcg4-022464b8f53ee5b5d070cd06111aebf7{\npadding-bottom:10px;\n}\nbody .av-special-heading.av-jyfvgcg4-022464b8f53ee5b5d070cd06111aebf7 .av-special-heading-tag .heading-char{\nfont-size:25px;\n}\n.av-special-heading.av-jyfvgcg4-022464b8f53ee5b5d070cd06111aebf7 .av-subheading{\nfont-size:15px;\n}\n<\/style>\n<div  class='av-special-heading av-jyfvgcg4-022464b8f53ee5b5d070cd06111aebf7 av-special-heading-h1 blockquote modern-quote modern-centered  avia-builder-el-1  el_before_av_textblock  avia-builder-el-first '><h1 class='av-special-heading-tag'  itemprop=\"headline\"  >Downloads<\/h1><div class='av-subheading av-subheading_below'><p>YACHTLITE Flyer und Brosch\u00fcren<\/p>\n<\/div><div class=\"special-heading-border\"><div class=\"special-heading-inner-border\"><\/div><\/div><\/div><br \/>\n<section  class='av_textblock_section av-jkp44mjn-bede7bd0990481e5c97179dcfe2e9a2b '   itemscope=\"itemscope\" itemtype=\"https:\/\/schema.org\/CreativeWork\" ><div class='avia_textblock'  itemprop=\"text\" ><p>Wenn Sie daran interessiert sind, gro\u00dfe Exemplarmengen zu bestellen, kontaktieren Sie bitte das YACHTLITE-Team.<\/p>\n<\/div><\/section><\/p><\/div>\n\n<style type=\"text\/css\" data-created_by=\"avia_inline_auto\" id=\"style-css-av-j60je-f4174ab29ae5bcb9e8c28c1a20d3af33\">\n.flex_column.av-j60je-f4174ab29ae5bcb9e8c28c1a20d3af33{\nborder-radius:0px 0px 0px 0px;\npadding:0px 0px 0px 0px;\n}\n<\/style>\n<div  class='flex_column av-j60je-f4174ab29ae5bcb9e8c28c1a20d3af33 av_one_fourth  avia-builder-el-3  el_after_av_three_fourth  el_before_av_one_fifth  flex_column_div av-zero-column-padding  '     ><article  class='iconbox iconbox_top av-jkp45m4m-d2636181571c4fe02654000f8ff28e8f  avia-builder-el-4  avia-builder-el-no-sibling  main_color'  itemscope=\"itemscope\" itemtype=\"https:\/\/schema.org\/CreativeWork\" ><div class=\"iconbox_content\"><header class=\"entry-content-header\"><div class=\"iconbox_icon heading-color\" aria-hidden='true' data-av_icon='\ue805' data-av_iconfont='entypo-fontello'><\/div><h3 class='iconbox_content_title '  itemprop=\"headline\" >Kontakt<\/h3><\/header><div class='iconbox_content_container '  itemprop=\"text\" ><p style=\"text-align: left;\">F\u00fcr weitere Informationen oder Angebote kontaktieren Sie uns bitte \u00fcber unser <a href=\"https:\/\/yachtlite.com\/de\/kontakt\/\" target=\"_blank\" rel=\"noopener noreferrer\">Kontaktformular<\/a>.<\/p>\n<\/div><\/div><footer class=\"entry-footer\"><\/footer><\/article><\/div>\n\n<style type=\"text\/css\" data-created_by=\"avia_inline_auto\" id=\"style-css-av-fgc1e-b9cdfff8d555c9f40e8d766de378d1f6\">\n.flex_column.av-fgc1e-b9cdfff8d555c9f40e8d766de378d1f6{\nborder-radius:0px 0px 0px 0px;\npadding:0px 0px 0px 0px;\n}\n<\/style>\n<div  class='flex_column av-fgc1e-b9cdfff8d555c9f40e8d766de378d1f6 av_one_fifth  avia-builder-el-5  el_after_av_one_fourth  el_before_av_three_fifth  first flex_column_div av-zero-column-padding  column-top-margin'     ><style type=\"text\/css\" data-created_by=\"avia_inline_auto\" id=\"style-css-av-jkp4czax-b362e0632bf5e662b512abde475973b5\">\n.avia-image-container.av-jkp4czax-b362e0632bf5e662b512abde475973b5 img.avia_image{\nbox-shadow:none;\n}\n.avia-image-container.av-jkp4czax-b362e0632bf5e662b512abde475973b5 .av-image-caption-overlay-center{\ncolor:#ffffff;\n}\n<\/style>\n<div  class='avia-image-container av-jkp4czax-b362e0632bf5e662b512abde475973b5 av-styling- av-hover-grow av-img-linked avia-align-center  avia-builder-el-6  avia-builder-el-no-sibling '   itemprop=\"image\" itemscope=\"itemscope\" itemtype=\"https:\/\/schema.org\/ImageObject\" ><div class=\"avia-image-container-inner\"><div class=\"avia-image-overlay-wrap\"><a href=\"https:\/\/yachtlite.com\/wp-content\/uploads\/2022\/03\/2022-03_Flyer_Yachtlite_web_v2.pdf\" class='avia_image ' target=\"_blank\" rel=\"noopener noreferrer\" aria-label='flyer-thumb'><img decoding=\"async\" fetchpriority=\"high\" class='wp-image-22444 avia-img-lazy-loading-not-22444 avia_image ' src=\"https:\/\/yachtlite.com\/wp-content\/uploads\/2022\/03\/flyer-thumb-140x300.jpg\" alt='' title='flyer-thumb'  height=\"300\" width=\"140\"  itemprop=\"thumbnailUrl\" srcset=\"https:\/\/yachtlite.com\/wp-content\/uploads\/2022\/03\/flyer-thumb-140x300.jpg 140w, https:\/\/yachtlite.com\/wp-content\/uploads\/2022\/03\/flyer-thumb-328x705.jpg 328w, https:\/\/yachtlite.com\/wp-content\/uploads\/2022\/03\/flyer-thumb.jpg 396w\" sizes=\"(max-width: 140px) 100vw, 140px\" \/><\/a><\/div><\/div><\/div><\/div>\n\n<style type=\"text\/css\" data-created_by=\"avia_inline_auto\" id=\"style-css-av-13qte-0712e6d89b3442972e752481b9fa0de4\">\n.flex_column.av-13qte-0712e6d89b3442972e752481b9fa0de4{\nborder-radius:0px 0px 0px 0px;\npadding:0px 0px 0px 0px;\n}\n<\/style>\n<div  class='flex_column av-13qte-0712e6d89b3442972e752481b9fa0de4 av_three_fifth  avia-builder-el-7  el_after_av_one_fifth  el_before_av_one_full  flex_column_div av-zero-column-padding  column-top-margin'     ><section  class='av_textblock_section av-jkp4et0b-34659e08b8dd2e02f7a3a6f3b0d29aba '   itemscope=\"itemscope\" itemtype=\"https:\/\/schema.org\/CreativeWork\" ><div class='avia_textblock'  itemprop=\"text\" ><p><strong>YACHTLITE Flyer<\/strong><\/p>\n<p>Creative Light Design &#8211; Ma\u00dfgeschneiderte Beleuchtungsl\u00f6sungen f\u00fcr Yachten aller Art<\/p>\n<p><a href=\"https:\/\/yachtlite.com\/wp-content\/uploads\/2022\/03\/2022-03_Flyer_Yachtlite_web_v2.pdf\" target=\"_blank\" rel=\"noopener noreferrer\">Download<\/a><\/p>\n<\/div><\/section><\/div>\n\n<style type=\"text\/css\" data-created_by=\"avia_inline_auto\" id=\"style-css-av-d5ik2-aadfbbdf73c172d8424d3288a034569e\">\n.flex_column.av-d5ik2-aadfbbdf73c172d8424d3288a034569e{\nborder-radius:0px 0px 0px 0px;\npadding:0px 0px 0px 0px;\n}\n<\/style>\n<div  class='flex_column av-d5ik2-aadfbbdf73c172d8424d3288a034569e av_one_full  avia-builder-el-9  el_after_av_three_fifth  el_before_av_three_fourth  first flex_column_div av-zero-column-padding  '     ><\/div>\n\n<style type=\"text\/css\" data-created_by=\"avia_inline_auto\" id=\"style-css-av-eu00y-b6fbe3a08aded05bfc0c70990b2df4fc\">\n.flex_column.av-eu00y-b6fbe3a08aded05bfc0c70990b2df4fc{\nborder-radius:0px 0px 0px 0px;\npadding:0px 0px 0px 0px;\n}\n<\/style>\n<div  class='flex_column av-eu00y-b6fbe3a08aded05bfc0c70990b2df4fc av_three_fourth  avia-builder-el-10  el_after_av_one_full  el_before_av_one_full  first flex_column_div av-zero-column-padding  column-top-margin'     ><div  class='hr av-jkp4jg9s-a4308751ab2448db6b071ea601bacf4c hr-default  avia-builder-el-11  avia-builder-el-no-sibling '><span class='hr-inner '><span class=\"hr-inner-style\"><\/span><\/span><\/div><\/div>\n\n<style type=\"text\/css\" data-created_by=\"avia_inline_auto\" id=\"style-css-av-d5ik2-aadfbbdf73c172d8424d3288a034569e\">\n.flex_column.av-d5ik2-aadfbbdf73c172d8424d3288a034569e{\nborder-radius:0px 0px 0px 0px;\npadding:0px 0px 0px 0px;\n}\n<\/style>\n<div  class='flex_column av-d5ik2-aadfbbdf73c172d8424d3288a034569e av_one_full  avia-builder-el-12  el_after_av_three_fourth  el_before_av_one_fifth  first flex_column_div av-zero-column-padding  column-top-margin'     ><\/div>\n\n<style type=\"text\/css\" data-created_by=\"avia_inline_auto\" id=\"style-css-av-fgc1e-b9cdfff8d555c9f40e8d766de378d1f6\">\n.flex_column.av-fgc1e-b9cdfff8d555c9f40e8d766de378d1f6{\nborder-radius:0px 0px 0px 0px;\npadding:0px 0px 0px 0px;\n}\n<\/style>\n<div  class='flex_column av-fgc1e-b9cdfff8d555c9f40e8d766de378d1f6 av_one_fifth  avia-builder-el-13  el_after_av_one_full  el_before_av_three_fifth  first flex_column_div av-zero-column-padding  column-top-margin'     ><style type=\"text\/css\" data-created_by=\"avia_inline_auto\" id=\"style-css-av-jkp4czax-af16f678be147e8caebcbf721ac78b9c\">\n.avia-image-container.av-jkp4czax-af16f678be147e8caebcbf721ac78b9c img.avia_image{\nbox-shadow:none;\n}\n.avia-image-container.av-jkp4czax-af16f678be147e8caebcbf721ac78b9c .av-image-caption-overlay-center{\ncolor:#ffffff;\n}\n<\/style>\n<div  class='avia-image-container av-jkp4czax-af16f678be147e8caebcbf721ac78b9c av-styling- av-hover-grow av-img-linked avia-align-center  avia-builder-el-14  avia-builder-el-no-sibling '   itemprop=\"image\" itemscope=\"itemscope\" itemtype=\"https:\/\/schema.org\/ImageObject\" ><div class=\"avia-image-container-inner\"><div class=\"avia-image-overlay-wrap\"><a href=\"https:\/\/yachtlite.com\/wp-content\/uploads\/2023\/07\/Flyer_Stairlite_2023.pdf\" class='avia_image ' target=\"_blank\" rel=\"noopener noreferrer\" aria-label='thumb_stairlite'><img decoding=\"async\" fetchpriority=\"high\" class='wp-image-22837 avia-img-lazy-loading-not-22837 avia_image ' src=\"https:\/\/yachtlite.com\/wp-content\/uploads\/2023\/07\/thumb_stairlite-142x300.jpg\" alt='' title='thumb_stairlite'  height=\"300\" width=\"142\"  itemprop=\"thumbnailUrl\" srcset=\"https:\/\/yachtlite.com\/wp-content\/uploads\/2023\/07\/thumb_stairlite-142x300.jpg 142w, https:\/\/yachtlite.com\/wp-content\/uploads\/2023\/07\/thumb_stairlite-333x705.jpg 333w, https:\/\/yachtlite.com\/wp-content\/uploads\/2023\/07\/thumb_stairlite.jpg 475w\" sizes=\"(max-width: 142px) 100vw, 142px\" \/><\/a><\/div><\/div><\/div><\/div>\n<style type=\"text\/css\" data-created_by=\"avia_inline_auto\" id=\"style-css-av-13qte-0712e6d89b3442972e752481b9fa0de4\">\n.flex_column.av-13qte-0712e6d89b3442972e752481b9fa0de4{\nborder-radius:0px 0px 0px 0px;\npadding:0px 0px 0px 0px;\n}\n<\/style>\n<div  class='flex_column av-13qte-0712e6d89b3442972e752481b9fa0de4 av_three_fifth  avia-builder-el-15  el_after_av_one_fifth  el_before_av_one_full  flex_column_div av-zero-column-padding  column-top-margin'     ><section  class='av_textblock_section av-jkp4et0b-37fcdf5c33d70584997dfde2c5664655 '   itemscope=\"itemscope\" itemtype=\"https:\/\/schema.org\/CreativeWork\" ><div class='avia_textblock'  itemprop=\"text\" ><p><strong>StairLite Flyer<\/strong><\/p>\n<p>Individuell gestalteten Stufenlichter<\/p>\n<p>Beleuchtende Treppenleuchten mit individuellem Logo, Schiffsnamen oder Initialen des Eigners<\/p>\n<p><a href=\"https:\/\/yachtlite.com\/wp-content\/uploads\/2023\/07\/Flyer_Stairlite_2023.pdf\" target=\"_blank\" rel=\"noopener noreferrer\">Download<\/a><\/p>\n<\/div><\/section><\/div>\n<style type=\"text\/css\" data-created_by=\"avia_inline_auto\" id=\"style-css-av-6pxd6-d662c98d8addbb1324aca0726af91cef\">\n.flex_column.av-6pxd6-d662c98d8addbb1324aca0726af91cef{\nborder-radius:0px 0px 0px 0px;\npadding:0px 0px 0px 0px;\n}\n<\/style>\n<div  class='flex_column av-6pxd6-d662c98d8addbb1324aca0726af91cef av_one_full  avia-builder-el-17  el_after_av_three_fifth  el_before_av_three_fourth  first flex_column_div av-zero-column-padding  '     ><\/div><\/p>\n\n<style type=\"text\/css\" data-created_by=\"avia_inline_auto\" id=\"style-css-av-asty2-42bdad8298eac3e72b9653fcb214f110\">\n.flex_column.av-asty2-42bdad8298eac3e72b9653fcb214f110{\nborder-radius:0px 0px 0px 0px;\npadding:0px 0px 0px 0px;\n}\n<\/style>\n<div  class='flex_column av-asty2-42bdad8298eac3e72b9653fcb214f110 av_three_fourth  avia-builder-el-18  el_after_av_one_full  el_before_av_one_full  first flex_column_div av-zero-column-padding  column-top-margin'     ><div  class='hr av-jkp4jg9s-3092a388816e601e33062e8b031ba284 hr-default  avia-builder-el-19  avia-builder-el-no-sibling '><span class='hr-inner '><span class=\"hr-inner-style\"><\/span><\/span><\/div><\/div>\n\n<style type=\"text\/css\" data-created_by=\"avia_inline_auto\" id=\"style-css-av-6pxd6-d662c98d8addbb1324aca0726af91cef\">\n.flex_column.av-6pxd6-d662c98d8addbb1324aca0726af91cef{\nborder-radius:0px 0px 0px 0px;\npadding:0px 0px 0px 0px;\n}\n<\/style>\n<div  class='flex_column av-6pxd6-d662c98d8addbb1324aca0726af91cef av_one_full  avia-builder-el-20  el_after_av_three_fourth  el_before_av_one_fifth  first flex_column_div av-zero-column-padding  column-top-margin'     ><\/div>\n\n<style type=\"text\/css\" data-created_by=\"avia_inline_auto\" id=\"style-css-av-fgc1e-fac7a1ebc03d62ec69884899cd693acb\">\n.flex_column.av-fgc1e-fac7a1ebc03d62ec69884899cd693acb{\nborder-radius:0px 0px 0px 0px;\npadding:0px 0px 0px 0px;\n}\n<\/style>\n<div  class='flex_column av-fgc1e-fac7a1ebc03d62ec69884899cd693acb av_one_fifth  avia-builder-el-21  el_after_av_one_full  el_before_av_three_fifth  first flex_column_div av-zero-column-padding avia-link-column av-column-link  column-top-margin'    data-link-column-url=\"https:\/\/yachtlite.com\/wp-content\/uploads\/2023\/07\/Flyer_Formlite_2023.pdf\"  data-link-column-target=\"_blank\"   ><a class=\"av-screen-reader-only\" href=\"https:\/\/yachtlite.com\/wp-content\/uploads\/2023\/07\/Flyer_Formlite_2023.pdf\" target=\"_blank\" rel=\"noopener\">Folge einem manuell hinzugef\u00fcgten Link<\/a><style type=\"text\/css\" data-created_by=\"avia_inline_auto\" id=\"style-css-av-jkp4czax-cfecb54e4951be4b3243072f96e22b88\">\n.avia-image-container.av-jkp4czax-cfecb54e4951be4b3243072f96e22b88 img.avia_image{\nbox-shadow:none;\n}\n.avia-image-container.av-jkp4czax-cfecb54e4951be4b3243072f96e22b88 .av-image-caption-overlay-center{\ncolor:#ffffff;\n}\n<\/style>\n<div  class='avia-image-container av-jkp4czax-cfecb54e4951be4b3243072f96e22b88 av-styling- av-hover-grow av-img-linked avia-align-center  avia-builder-el-22  avia-builder-el-no-sibling '   itemprop=\"image\" itemscope=\"itemscope\" itemtype=\"https:\/\/schema.org\/ImageObject\" ><div class=\"avia-image-container-inner\"><div class=\"avia-image-overlay-wrap\"><a href=\"https:\/\/yachtlite.com\/wp-content\/uploads\/2020\/08\/FormLiteFlyer-2020.pdf\" class='avia_image ' target=\"_blank\" rel=\"noopener noreferrer\" aria-label='thumb-formlite'><img decoding=\"async\" fetchpriority=\"high\" class='wp-image-22846 avia-img-lazy-loading-not-22846 avia_image ' src=\"https:\/\/yachtlite.com\/wp-content\/uploads\/2023\/07\/thumb-formlite-141x300.jpg\" alt='' title='thumb-formlite'  height=\"300\" width=\"141\"  itemprop=\"thumbnailUrl\" srcset=\"https:\/\/yachtlite.com\/wp-content\/uploads\/2023\/07\/thumb-formlite-141x300.jpg 141w, https:\/\/yachtlite.com\/wp-content\/uploads\/2023\/07\/thumb-formlite-331x705.jpg 331w, https:\/\/yachtlite.com\/wp-content\/uploads\/2023\/07\/thumb-formlite.jpg 473w\" sizes=\"(max-width: 141px) 100vw, 141px\" \/><\/a><\/div><\/div><\/div><\/div>\n<style type=\"text\/css\" data-created_by=\"avia_inline_auto\" id=\"style-css-av-13qte-0712e6d89b3442972e752481b9fa0de4\">\n.flex_column.av-13qte-0712e6d89b3442972e752481b9fa0de4{\nborder-radius:0px 0px 0px 0px;\npadding:0px 0px 0px 0px;\n}\n<\/style>\n<div  class='flex_column av-13qte-0712e6d89b3442972e752481b9fa0de4 av_three_fifth  avia-builder-el-23  el_after_av_one_fifth  el_before_av_three_fourth  flex_column_div av-zero-column-padding  column-top-margin'     ><section  class='av_textblock_section av-jkp4et0b-37fcdf5c33d70584997dfde2c5664655 '   itemscope=\"itemscope\" itemtype=\"https:\/\/schema.org\/CreativeWork\" ><div class='avia_textblock'  itemprop=\"text\" ><p><strong>FormLite Flyer<\/strong><\/p>\n<p>Perfekt homogene Beleuchtungselemente, ma\u00dfgeschneidert nach Ihren Vorgaben. Perfekt f\u00fcr den Innen- und Au\u00dfenbereich<\/p>\n<p><a href=\"https:\/\/yachtlite.com\/wp-content\/uploads\/2023\/07\/Flyer_Formlite_2023.pdf\" target=\"_blank\" rel=\"noopener noreferrer\">Download<\/a><\/p>\n<\/div><\/section><\/div>\n<style type=\"text\/css\" data-created_by=\"avia_inline_auto\" id=\"style-css-av-asty2-42bdad8298eac3e72b9653fcb214f110\">\n.flex_column.av-asty2-42bdad8298eac3e72b9653fcb214f110{\nborder-radius:0px 0px 0px 0px;\npadding:0px 0px 0px 0px;\n}\n<\/style>\n<div  class='flex_column av-asty2-42bdad8298eac3e72b9653fcb214f110 av_three_fourth  avia-builder-el-25  el_after_av_three_fifth  el_before_av_one_full  first flex_column_div av-zero-column-padding  '     ><div  class='hr av-jkp4jg9s-3092a388816e601e33062e8b031ba284 hr-default  avia-builder-el-26  avia-builder-el-no-sibling '><span class='hr-inner '><span class=\"hr-inner-style\"><\/span><\/span><\/div><\/div><\/p>\n\n<style type=\"text\/css\" data-created_by=\"avia_inline_auto\" id=\"style-css-av-6pxd6-d662c98d8addbb1324aca0726af91cef\">\n.flex_column.av-6pxd6-d662c98d8addbb1324aca0726af91cef{\nborder-radius:0px 0px 0px 0px;\npadding:0px 0px 0px 0px;\n}\n<\/style>\n<div  class='flex_column av-6pxd6-d662c98d8addbb1324aca0726af91cef av_one_full  avia-builder-el-27  el_after_av_three_fourth  el_before_av_one_fifth  first flex_column_div av-zero-column-padding  column-top-margin'     ><\/div>\n\n<style type=\"text\/css\" data-created_by=\"avia_inline_auto\" id=\"style-css-av-fgc1e-b9cdfff8d555c9f40e8d766de378d1f6\">\n.flex_column.av-fgc1e-b9cdfff8d555c9f40e8d766de378d1f6{\nborder-radius:0px 0px 0px 0px;\npadding:0px 0px 0px 0px;\n}\n<\/style>\n<div  class='flex_column av-fgc1e-b9cdfff8d555c9f40e8d766de378d1f6 av_one_fifth  avia-builder-el-28  el_after_av_one_full  el_before_av_three_fifth  first flex_column_div av-zero-column-padding  column-top-margin'     ><style type=\"text\/css\" data-created_by=\"avia_inline_auto\" id=\"style-css-av-jkp4czax-ec3b5c3ac543d489c13e1b10cabc48b5\">\n.avia-image-container.av-jkp4czax-ec3b5c3ac543d489c13e1b10cabc48b5 img.avia_image{\nbox-shadow:none;\n}\n.avia-image-container.av-jkp4czax-ec3b5c3ac543d489c13e1b10cabc48b5 .av-image-caption-overlay-center{\ncolor:#ffffff;\n}\n<\/style>\n<div  class='avia-image-container av-jkp4czax-ec3b5c3ac543d489c13e1b10cabc48b5 av-styling- av-hover-grow av-img-linked avia-align-center  avia-builder-el-29  avia-builder-el-no-sibling '   itemprop=\"image\" itemscope=\"itemscope\" itemtype=\"https:\/\/schema.org\/ImageObject\" ><div class=\"avia-image-container-inner\"><div class=\"avia-image-overlay-wrap\"><a href=\"https:\/\/yachtlite.com\/wp-content\/uploads\/2020\/10\/2020-ISPS-Flex-Datasheet.pdf\" class='avia_image ' target=\"_blank\" rel=\"noopener noreferrer\" aria-label='ISPS-Flex_thumb'><img decoding=\"async\" fetchpriority=\"high\" class='wp-image-2791 avia-img-lazy-loading-not-2791 avia_image ' src=\"https:\/\/yachtlite.com\/wp-content\/uploads\/2020\/05\/ISPS-Flex_thumb-300x169.jpg\" alt='' title='ISPS-Flex_thumb'  height=\"169\" width=\"300\"  itemprop=\"thumbnailUrl\" srcset=\"https:\/\/yachtlite.com\/wp-content\/uploads\/2020\/05\/ISPS-Flex_thumb-300x169.jpg 300w, https:\/\/yachtlite.com\/wp-content\/uploads\/2020\/05\/ISPS-Flex_thumb-20x11.jpg 20w, https:\/\/yachtlite.com\/wp-content\/uploads\/2020\/05\/ISPS-Flex_thumb.jpg 473w\" sizes=\"(max-width: 300px) 100vw, 300px\" \/><\/a><\/div><\/div><\/div><\/div>\n\n<style type=\"text\/css\" data-created_by=\"avia_inline_auto\" id=\"style-css-av-13qte-0fda4884ae907f63bed805cbf0ac34a4\">\n.flex_column.av-13qte-0fda4884ae907f63bed805cbf0ac34a4{\nborder-radius:0px 0px 0px 0px;\npadding:0px 0px 0px 0px;\n}\n<\/style>\n<div  class='flex_column av-13qte-0fda4884ae907f63bed805cbf0ac34a4 av_three_fifth  avia-builder-el-30  el_after_av_one_fifth  avia-builder-el-last  flex_column_div av-zero-column-padding  column-top-margin'     ><section  class='av_textblock_section av-jkp4et0b-34659e08b8dd2e02f7a3a6f3b0d29aba '   itemscope=\"itemscope\" itemtype=\"https:\/\/schema.org\/CreativeWork\" ><div class='avia_textblock'  itemprop=\"text\" ><p><strong>YACHTLITE ISPS Flex PDF 2020 (englisch)<\/strong><\/p>\n<p>Die ISPS Flex Leuchte von YACHTLITE ist eine Sicherheitsleuchte f\u00fcr den tempor\u00e4ren und flexiblen Einsatz an der Reling<\/p>\n<p><a href=\"https:\/\/yachtlite.com\/wp-content\/uploads\/2020\/10\/2020-ISPS-Flex-Datasheet.pdf\" target=\"_blank\" rel=\"noopener noreferrer\">Download<\/a><\/p>\n<\/div><\/section><\/div>\n<input class=\"fooboxshare_post_id\" type=\"hidden\" value=\"1660\"\/>","protected":false},"excerpt":{"rendered":"","protected":false},"author":1,"featured_media":0,"parent":0,"menu_order":0,"comment_status":"closed","ping_status":"closed","template":"","meta":{"footnotes":""},"class_list":["post-1660","page","type-page","status-publish","hentry"],"yoast_head":"<!-- This site is optimized with the Yoast SEO plugin v26.6 - https:\/\/yoast.com\/wordpress\/plugins\/seo\/ -->\n<title>Flyer &amp; Brosch\u00fcren | Yachtlite<\/title>\n<meta name=\"description\" content=\"Kontaktieren Sie uns f\u00fcr Flyer\/Brosch\u00fcren. Infos zu Yachtbeleuchtung &amp; innovativen Designs von Yachtlite.\" \/>\n<meta name=\"robots\" content=\"index, follow, max-snippet:-1, max-image-preview:large, max-video-preview:-1\" \/>\n<link rel=\"canonical\" href=\"https:\/\/yachtlite.com\/de\/downloads\/\" \/>\n<meta property=\"og:locale\" content=\"de_DE\" \/>\n<meta property=\"og:type\" content=\"article\" \/>\n<meta property=\"og:title\" content=\"Flyer &amp; Brosch\u00fcren | Yachtlite\" \/>\n<meta property=\"og:description\" content=\"Kontaktieren Sie uns f\u00fcr Flyer\/Brosch\u00fcren. Infos zu Yachtbeleuchtung &amp; innovativen Designs von Yachtlite.\" \/>\n<meta property=\"og:url\" content=\"https:\/\/yachtlite.com\/de\/downloads\/\" \/>\n<meta property=\"og:site_name\" content=\"YACHTLITE - Creative Light Design\" \/>\n<meta property=\"article:publisher\" content=\"https:\/\/www.facebook.com\/YACHTLITE-194493560573823\/\" \/>\n<meta property=\"article:modified_time\" content=\"2025-08-01T06:18:58+00:00\" \/>\n<meta name=\"twitter:card\" content=\"summary_large_image\" \/>\n<meta name=\"twitter:label1\" content=\"Gesch\u00e4tzte Lesezeit\" \/>\n\t<meta name=\"twitter:data1\" content=\"2\u00a0Minuten\" \/>\n<script type=\"application\/ld+json\" class=\"yoast-schema-graph\">{\"@context\":\"https:\/\/schema.org\",\"@graph\":[{\"@type\":\"WebPage\",\"@id\":\"https:\/\/yachtlite.com\/de\/downloads\/\",\"url\":\"https:\/\/yachtlite.com\/de\/downloads\/\",\"name\":\"Flyer & Brosch\u00fcren | Yachtlite\",\"isPartOf\":{\"@id\":\"https:\/\/yachtlite.com\/de\/#website\"},\"datePublished\":\"2018-08-11T06:50:36+00:00\",\"dateModified\":\"2025-08-01T06:18:58+00:00\",\"description\":\"Kontaktieren Sie uns f\u00fcr Flyer\/Brosch\u00fcren. Infos zu Yachtbeleuchtung & innovativen Designs von Yachtlite.\",\"breadcrumb\":{\"@id\":\"https:\/\/yachtlite.com\/de\/downloads\/#breadcrumb\"},\"inLanguage\":\"de\",\"potentialAction\":[{\"@type\":\"ReadAction\",\"target\":[\"https:\/\/yachtlite.com\/de\/downloads\/\"]}]},{\"@type\":\"BreadcrumbList\",\"@id\":\"https:\/\/yachtlite.com\/de\/downloads\/#breadcrumb\",\"itemListElement\":[{\"@type\":\"ListItem\",\"position\":1,\"name\":\"Home\",\"item\":\"https:\/\/yachtlite.com\/de\/\"},{\"@type\":\"ListItem\",\"position\":2,\"name\":\"Downloads\"}]},{\"@type\":\"WebSite\",\"@id\":\"https:\/\/yachtlite.com\/de\/#website\",\"url\":\"https:\/\/yachtlite.com\/de\/\",\"name\":\"YACHTLITE - Creative Light Design\",\"description\":\"Individual light solutions, custom-made for your yacht\",\"potentialAction\":[{\"@type\":\"SearchAction\",\"target\":{\"@type\":\"EntryPoint\",\"urlTemplate\":\"https:\/\/yachtlite.com\/de\/?s={search_term_string}\"},\"query-input\":{\"@type\":\"PropertyValueSpecification\",\"valueRequired\":true,\"valueName\":\"search_term_string\"}}],\"inLanguage\":\"de\"}]}<\/script>\n<!-- \/ Yoast SEO plugin. -->","yoast_head_json":{"title":"Flyer & Brosch\u00fcren | Yachtlite","description":"Kontaktieren Sie uns f\u00fcr Flyer\/Brosch\u00fcren. Infos zu Yachtbeleuchtung & innovativen Designs von Yachtlite.","robots":{"index":"index","follow":"follow","max-snippet":"max-snippet:-1","max-image-preview":"max-image-preview:large","max-video-preview":"max-video-preview:-1"},"canonical":"https:\/\/yachtlite.com\/de\/downloads\/","og_locale":"de_DE","og_type":"article","og_title":"Flyer & Brosch\u00fcren | Yachtlite","og_description":"Kontaktieren Sie uns f\u00fcr Flyer\/Brosch\u00fcren. Infos zu Yachtbeleuchtung & innovativen Designs von Yachtlite.","og_url":"https:\/\/yachtlite.com\/de\/downloads\/","og_site_name":"YACHTLITE - Creative Light Design","article_publisher":"https:\/\/www.facebook.com\/YACHTLITE-194493560573823\/","article_modified_time":"2025-08-01T06:18:58+00:00","twitter_card":"summary_large_image","twitter_misc":{"Gesch\u00e4tzte Lesezeit":"2\u00a0Minuten"},"schema":{"@context":"https:\/\/schema.org","@graph":[{"@type":"WebPage","@id":"https:\/\/yachtlite.com\/de\/downloads\/","url":"https:\/\/yachtlite.com\/de\/downloads\/","name":"Flyer & Brosch\u00fcren | Yachtlite","isPartOf":{"@id":"https:\/\/yachtlite.com\/de\/#website"},"datePublished":"2018-08-11T06:50:36+00:00","dateModified":"2025-08-01T06:18:58+00:00","description":"Kontaktieren Sie uns f\u00fcr Flyer\/Brosch\u00fcren. Infos zu Yachtbeleuchtung & innovativen Designs von Yachtlite.","breadcrumb":{"@id":"https:\/\/yachtlite.com\/de\/downloads\/#breadcrumb"},"inLanguage":"de","potentialAction":[{"@type":"ReadAction","target":["https:\/\/yachtlite.com\/de\/downloads\/"]}]},{"@type":"BreadcrumbList","@id":"https:\/\/yachtlite.com\/de\/downloads\/#breadcrumb","itemListElement":[{"@type":"ListItem","position":1,"name":"Home","item":"https:\/\/yachtlite.com\/de\/"},{"@type":"ListItem","position":2,"name":"Downloads"}]},{"@type":"WebSite","@id":"https:\/\/yachtlite.com\/de\/#website","url":"https:\/\/yachtlite.com\/de\/","name":"YACHTLITE - Creative Light Design","description":"Individual light solutions, custom-made for your yacht","potentialAction":[{"@type":"SearchAction","target":{"@type":"EntryPoint","urlTemplate":"https:\/\/yachtlite.com\/de\/?s={search_term_string}"},"query-input":{"@type":"PropertyValueSpecification","valueRequired":true,"valueName":"search_term_string"}}],"inLanguage":"de"}]}},"_links":{"self":[{"href":"https:\/\/yachtlite.com\/de\/wp-json\/wp\/v2\/pages\/1660","targetHints":{"allow":["GET"]}}],"collection":[{"href":"https:\/\/yachtlite.com\/de\/wp-json\/wp\/v2\/pages"}],"about":[{"href":"https:\/\/yachtlite.com\/de\/wp-json\/wp\/v2\/types\/page"}],"author":[{"embeddable":true,"href":"https:\/\/yachtlite.com\/de\/wp-json\/wp\/v2\/users\/1"}],"replies":[{"embeddable":true,"href":"https:\/\/yachtlite.com\/de\/wp-json\/wp\/v2\/comments?post=1660"}],"version-history":[{"count":21,"href":"https:\/\/yachtlite.com\/de\/wp-json\/wp\/v2\/pages\/1660\/revisions"}],"predecessor-version":[{"id":23710,"href":"https:\/\/yachtlite.com\/de\/wp-json\/wp\/v2\/pages\/1660\/revisions\/23710"}],"wp:attachment":[{"href":"https:\/\/yachtlite.com\/de\/wp-json\/wp\/v2\/media?parent=1660"}],"curies":[{"name":"wp","href":"https:\/\/api.w.org\/{rel}","templated":true}]}}