{"id":1011,"date":"2018-07-26T15:00:46","date_gmt":"2018-07-26T14:00:46","guid":{"rendered":"https:\/\/yachtlite.com\/design-generator\/"},"modified":"2025-11-04T13:42:13","modified_gmt":"2025-11-04T12:42:13","slug":"design-generator","status":"publish","type":"page","link":"https:\/\/yachtlite.com\/de\/design-generator\/","title":{"rendered":"Design Generator"},"content":{"rendered":"\n<style type=\"text\/css\" data-created_by=\"avia_inline_auto\" id=\"style-css-av-abnst-b0765cba390a789be521bf29e264f80e\">\n.flex_column.av-abnst-b0765cba390a789be521bf29e264f80e{\nborder-radius:0px 0px 0px 0px;\npadding:0px 0px 0px 0px;\n}\n<\/style>\n<div  class='flex_column av-abnst-b0765cba390a789be521bf29e264f80e av_one_full  avia-builder-el-0  avia-builder-el-no-sibling  first flex_column_div av-zero-column-padding  '     ><style type=\"text\/css\" data-created_by=\"avia_inline_auto\" id=\"style-css-av-k50yq9t7-bed7bf435f362a7fb9c883d2e473c4c4\">\n#top .av-special-heading.av-k50yq9t7-bed7bf435f362a7fb9c883d2e473c4c4{\npadding-bottom:10px;\n}\nbody .av-special-heading.av-k50yq9t7-bed7bf435f362a7fb9c883d2e473c4c4 .av-special-heading-tag .heading-char{\nfont-size:25px;\n}\n.av-special-heading.av-k50yq9t7-bed7bf435f362a7fb9c883d2e473c4c4 .av-subheading{\nfont-size:15px;\n}\n<\/style>\n<div  class='av-special-heading av-k50yq9t7-bed7bf435f362a7fb9c883d2e473c4c4 av-special-heading-h1 blockquote modern-quote modern-centered  avia-builder-el-1  el_before_av_textblock  avia-builder-el-first  av-linked-heading'><h1 class='av-special-heading-tag'  itemprop=\"headline\"  >LED Beleuchtung f\u00fcr Yachten <span class='special_amp'>&amp;<\/span> Superyachten Design Generator<\/h1><div class='av-subheading av-subheading_below'><h2>Entwerfen Sie Ihren individuellen Schriftzug<\/h2>\n<\/div><div class=\"special-heading-border\"><div class=\"special-heading-inner-border\"><\/div><\/div><\/div><br \/>\n<section  class='av_textblock_section av-jkp6cdke-38c9e4c2ddc37b187cdebea261a30df3 '   itemscope=\"itemscope\" itemtype=\"https:\/\/schema.org\/CreativeWork\" ><div class='avia_textblock'  itemprop=\"text\" ><p><!-- <iframe src=\"https:\/\/www.yachtlite.com\/dev\/index.php?p=design&parent=web\" width=\"100%\" onload=\"window.parent.scrollTo(0,0);\"><\/iframe>--><br \/>\n<iframe id=\"designgene\" style=\"height: 724px;\" src=\"https:\/\/yachtlite.com\/dev\/index.php?p=design&#038;lang=de\" width=\"100%\"><\/iframe><\/p>\n<\/div><\/section><\/p><\/div>\n<input class=\"fooboxshare_post_id\" type=\"hidden\" value=\"1011\"\/>","protected":false},"excerpt":{"rendered":"","protected":false},"author":1,"featured_media":0,"parent":0,"menu_order":0,"comment_status":"closed","ping_status":"closed","template":"","meta":{"footnotes":""},"class_list":["post-1011","page","type-page","status-publish","hentry"],"yoast_head":"<!-- This site is optimized with the Yoast SEO plugin v26.6 - https:\/\/yoast.com\/wordpress\/plugins\/seo\/ -->\n<title>&quot;Beleuchtung f\u00fcr Superyachten | Design Generator | Yachtlite&quot;<\/title>\n<meta name=\"description\" content=\"Yachtlite: Exklusive Superyacht-Beleuchtung. Nutzen Sie unseren Design-Generator f\u00fcr individuelle Lichtl\u00f6sungen f\u00fcr Luxusyachten.\" \/>\n<meta name=\"robots\" content=\"index, follow, max-snippet:-1, max-image-preview:large, max-video-preview:-1\" \/>\n<link rel=\"canonical\" href=\"https:\/\/yachtlite.com\/de\/design-generator\/\" \/>\n<meta property=\"og:locale\" content=\"de_DE\" \/>\n<meta property=\"og:type\" content=\"article\" \/>\n<meta property=\"og:title\" content=\"&quot;Beleuchtung f\u00fcr Superyachten | Design Generator | Yachtlite&quot;\" \/>\n<meta property=\"og:description\" content=\"Yachtlite: Exklusive Superyacht-Beleuchtung. Nutzen Sie unseren Design-Generator f\u00fcr individuelle Lichtl\u00f6sungen f\u00fcr Luxusyachten.\" \/>\n<meta property=\"og:url\" content=\"https:\/\/yachtlite.com\/de\/design-generator\/\" \/>\n<meta property=\"og:site_name\" content=\"YACHTLITE - Creative Light Design\" \/>\n<meta property=\"article:publisher\" content=\"https:\/\/www.facebook.com\/YACHTLITE-194493560573823\/\" \/>\n<meta property=\"article:modified_time\" content=\"2025-11-04T12:42:13+00:00\" \/>\n<meta name=\"twitter:card\" content=\"summary_large_image\" \/>\n<meta name=\"twitter:label1\" content=\"Gesch\u00e4tzte Lesezeit\" \/>\n\t<meta name=\"twitter:data1\" content=\"1\u00a0Minute\" \/>\n<script type=\"application\/ld+json\" class=\"yoast-schema-graph\">{\"@context\":\"https:\/\/schema.org\",\"@graph\":[{\"@type\":\"WebPage\",\"@id\":\"https:\/\/yachtlite.com\/de\/design-generator\/\",\"url\":\"https:\/\/yachtlite.com\/de\/design-generator\/\",\"name\":\"\\\"Beleuchtung f\u00fcr Superyachten | Design Generator | Yachtlite\\\"\",\"isPartOf\":{\"@id\":\"https:\/\/yachtlite.com\/de\/#website\"},\"datePublished\":\"2018-07-26T14:00:46+00:00\",\"dateModified\":\"2025-11-04T12:42:13+00:00\",\"description\":\"Yachtlite: Exklusive Superyacht-Beleuchtung. Nutzen Sie unseren Design-Generator f\u00fcr individuelle Lichtl\u00f6sungen f\u00fcr Luxusyachten.\",\"breadcrumb\":{\"@id\":\"https:\/\/yachtlite.com\/de\/design-generator\/#breadcrumb\"},\"inLanguage\":\"de\",\"potentialAction\":[{\"@type\":\"ReadAction\",\"target\":[\"https:\/\/yachtlite.com\/de\/design-generator\/\"]}]},{\"@type\":\"BreadcrumbList\",\"@id\":\"https:\/\/yachtlite.com\/de\/design-generator\/#breadcrumb\",\"itemListElement\":[{\"@type\":\"ListItem\",\"position\":1,\"name\":\"Home\",\"item\":\"https:\/\/yachtlite.com\/de\/\"},{\"@type\":\"ListItem\",\"position\":2,\"name\":\"Design Generator\"}]},{\"@type\":\"WebSite\",\"@id\":\"https:\/\/yachtlite.com\/de\/#website\",\"url\":\"https:\/\/yachtlite.com\/de\/\",\"name\":\"YACHTLITE - Creative Light Design\",\"description\":\"Individual light solutions, custom-made for your yacht\",\"potentialAction\":[{\"@type\":\"SearchAction\",\"target\":{\"@type\":\"EntryPoint\",\"urlTemplate\":\"https:\/\/yachtlite.com\/de\/?s={search_term_string}\"},\"query-input\":{\"@type\":\"PropertyValueSpecification\",\"valueRequired\":true,\"valueName\":\"search_term_string\"}}],\"inLanguage\":\"de\"}]}<\/script>\n<!-- \/ Yoast SEO plugin. -->","yoast_head_json":{"title":"\"Beleuchtung f\u00fcr Superyachten | Design Generator | Yachtlite\"","description":"Yachtlite: Exklusive Superyacht-Beleuchtung. Nutzen Sie unseren Design-Generator f\u00fcr individuelle Lichtl\u00f6sungen f\u00fcr Luxusyachten.","robots":{"index":"index","follow":"follow","max-snippet":"max-snippet:-1","max-image-preview":"max-image-preview:large","max-video-preview":"max-video-preview:-1"},"canonical":"https:\/\/yachtlite.com\/de\/design-generator\/","og_locale":"de_DE","og_type":"article","og_title":"\"Beleuchtung f\u00fcr Superyachten | Design Generator | Yachtlite\"","og_description":"Yachtlite: Exklusive Superyacht-Beleuchtung. Nutzen Sie unseren Design-Generator f\u00fcr individuelle Lichtl\u00f6sungen f\u00fcr Luxusyachten.","og_url":"https:\/\/yachtlite.com\/de\/design-generator\/","og_site_name":"YACHTLITE - Creative Light Design","article_publisher":"https:\/\/www.facebook.com\/YACHTLITE-194493560573823\/","article_modified_time":"2025-11-04T12:42:13+00:00","twitter_card":"summary_large_image","twitter_misc":{"Gesch\u00e4tzte Lesezeit":"1\u00a0Minute"},"schema":{"@context":"https:\/\/schema.org","@graph":[{"@type":"WebPage","@id":"https:\/\/yachtlite.com\/de\/design-generator\/","url":"https:\/\/yachtlite.com\/de\/design-generator\/","name":"\"Beleuchtung f\u00fcr Superyachten | Design Generator | Yachtlite\"","isPartOf":{"@id":"https:\/\/yachtlite.com\/de\/#website"},"datePublished":"2018-07-26T14:00:46+00:00","dateModified":"2025-11-04T12:42:13+00:00","description":"Yachtlite: Exklusive Superyacht-Beleuchtung. Nutzen Sie unseren Design-Generator f\u00fcr individuelle Lichtl\u00f6sungen f\u00fcr Luxusyachten.","breadcrumb":{"@id":"https:\/\/yachtlite.com\/de\/design-generator\/#breadcrumb"},"inLanguage":"de","potentialAction":[{"@type":"ReadAction","target":["https:\/\/yachtlite.com\/de\/design-generator\/"]}]},{"@type":"BreadcrumbList","@id":"https:\/\/yachtlite.com\/de\/design-generator\/#breadcrumb","itemListElement":[{"@type":"ListItem","position":1,"name":"Home","item":"https:\/\/yachtlite.com\/de\/"},{"@type":"ListItem","position":2,"name":"Design Generator"}]},{"@type":"WebSite","@id":"https:\/\/yachtlite.com\/de\/#website","url":"https:\/\/yachtlite.com\/de\/","name":"YACHTLITE - Creative Light Design","description":"Individual light solutions, custom-made for your yacht","potentialAction":[{"@type":"SearchAction","target":{"@type":"EntryPoint","urlTemplate":"https:\/\/yachtlite.com\/de\/?s={search_term_string}"},"query-input":{"@type":"PropertyValueSpecification","valueRequired":true,"valueName":"search_term_string"}}],"inLanguage":"de"}]}},"_links":{"self":[{"href":"https:\/\/yachtlite.com\/de\/wp-json\/wp\/v2\/pages\/1011","targetHints":{"allow":["GET"]}}],"collection":[{"href":"https:\/\/yachtlite.com\/de\/wp-json\/wp\/v2\/pages"}],"about":[{"href":"https:\/\/yachtlite.com\/de\/wp-json\/wp\/v2\/types\/page"}],"author":[{"embeddable":true,"href":"https:\/\/yachtlite.com\/de\/wp-json\/wp\/v2\/users\/1"}],"replies":[{"embeddable":true,"href":"https:\/\/yachtlite.com\/de\/wp-json\/wp\/v2\/comments?post=1011"}],"version-history":[{"count":2,"href":"https:\/\/yachtlite.com\/de\/wp-json\/wp\/v2\/pages\/1011\/revisions"}],"predecessor-version":[{"id":23852,"href":"https:\/\/yachtlite.com\/de\/wp-json\/wp\/v2\/pages\/1011\/revisions\/23852"}],"wp:attachment":[{"href":"https:\/\/yachtlite.com\/de\/wp-json\/wp\/v2\/media?parent=1011"}],"curies":[{"name":"wp","href":"https:\/\/api.w.org\/{rel}","templated":true}]}}